{"id":3023,"date":"2025-08-24T14:33:05","date_gmt":"2025-08-24T11:33:05","guid":{"rendered":"https:\/\/tra-mak.com\/?page_id=3023"},"modified":"2025-09-16T10:58:01","modified_gmt":"2025-09-16T07:58:01","slug":"extrusion-press-stem","status":"publish","type":"page","link":"https:\/\/tra-mak.com\/tr\/tool\/extrusion-press-stem\/","title":{"rendered":"Ekstr\u00fczyon Pres Z\u0131mbas\u0131"},"content":{"rendered":"\t\t<div data-elementor-type=\"wp-page\" data-elementor-id=\"3023\" class=\"elementor elementor-3023\" data-elementor-post-type=\"page\">\n\t\t\t\t<div class=\"elementor-element elementor-element-abaa919 e-con-full e-flex e-con e-parent\" data-id=\"abaa919\" data-element_type=\"container\" data-e-type=\"container\" data-settings=\"{&quot;background_background&quot;:&quot;classic&quot;}\">\n\t\t<div class=\"elementor-element elementor-element-6377182 e-con-full e-flex e-con e-child\" data-id=\"6377182\" data-element_type=\"container\" data-e-type=\"container\">\n\t\t<div class=\"elementor-element elementor-element-f48b5ac e-con-full e-flex e-con e-child\" data-id=\"f48b5ac\" data-element_type=\"container\" data-e-type=\"container\">\n\t\t<div class=\"elementor-element elementor-element-200a743 e-con-full left-container e-flex e-con e-child\" data-id=\"200a743\" data-element_type=\"container\" data-e-type=\"container\">\n\t\t\t\t<div class=\"elementor-element elementor-element-c6cf9ec elementor-widget elementor-widget-shortcode\" data-id=\"c6cf9ec\" data-element_type=\"widget\" data-e-type=\"widget\" data-widget_type=\"shortcode.default\">\n\t\t\t\t\t\t\t<div class=\"elementor-shortcode\"><nav aria-label=\"breadcrumbs\" class=\"rank-math-breadcrumb\"><p><span class=\"last\">Home<\/span><\/p><\/nav><\/div>\n\t\t\t\t\t\t<\/div>\n\t\t<div class=\"elementor-element elementor-element-515e397 e-con-full e-flex e-con e-child\" data-id=\"515e397\" data-element_type=\"container\" data-e-type=\"container\">\n\t\t<div class=\"elementor-element elementor-element-f618c3f e-con-full e-flex e-con e-child\" data-id=\"f618c3f\" data-element_type=\"container\" data-e-type=\"container\">\n\t\t\t\t<div class=\"elementor-element elementor-element-58806dd elementor-widget elementor-widget-image\" data-id=\"58806dd\" data-element_type=\"widget\" data-e-type=\"widget\" data-widget_type=\"image.default\">\n\t\t\t\t\t\t\t\t\t\t\t\t\t\t\t<img fetchpriority=\"high\" decoding=\"async\" width=\"487\" height=\"413\" src=\"https:\/\/tra-mak.com\/wp-content\/uploads\/2025\/09\/zimba1234.png\" class=\"attachment-full size-full wp-image-9289\" alt=\"\" srcset=\"https:\/\/tra-mak.com\/wp-content\/uploads\/2025\/09\/zimba1234.png 487w, https:\/\/tra-mak.com\/wp-content\/uploads\/2025\/09\/zimba1234-300x254.png 300w\" sizes=\"(max-width: 487px) 100vw, 487px\" \/>\t\t\t\t\t\t\t\t\t\t\t\t\t\t\t<\/div>\n\t\t\t\t<\/div>\n\t\t<div class=\"elementor-element elementor-element-93bbe45 e-con-full e-flex e-con e-child\" data-id=\"93bbe45\" data-element_type=\"container\" data-e-type=\"container\">\n\t\t\t\t<div class=\"elementor-element elementor-element-66cac55 elementor-widget elementor-widget-text-editor\" data-id=\"66cac55\" data-element_type=\"widget\" data-e-type=\"widget\" data-widget_type=\"text-editor.default\">\n\t\t\t\t\t\t\t\t\t<p>The Extrusion Stem must withstand the total deformation resistance of the material being extruded.The occurring extrusion loads result in very high compressive and partly bending stresses in the stem.<br \/><br \/><\/p><p>Although the pressure pads prevent the stem from having direct contact with the hot billet, the stem head can be exposed to excessive temperature by the heat radiated from the liner and transferred via the pressure pad. In addition to high stresses, these conditions define the demands on special steels.<\/p>\t\t\t\t\t\t\t\t<\/div>\n\t\t\t\t<\/div>\n\t\t\t\t<\/div>\n\t\t\t\t<div class=\"elementor-element elementor-element-0ff3c9f elementor-arrows-position-outside elementor-widget elementor-widget-image-carousel\" data-id=\"0ff3c9f\" data-element_type=\"widget\" data-e-type=\"widget\" data-settings=\"{&quot;autoplay_speed&quot;:1500,&quot;navigation&quot;:&quot;arrows&quot;,&quot;autoplay&quot;:&quot;yes&quot;,&quot;pause_on_hover&quot;:&quot;yes&quot;,&quot;pause_on_interaction&quot;:&quot;yes&quot;,&quot;infinite&quot;:&quot;yes&quot;,&quot;speed&quot;:500,&quot;image_spacing_custom&quot;:{&quot;unit&quot;:&quot;px&quot;,&quot;size&quot;:20,&quot;sizes&quot;:[]},&quot;image_spacing_custom_tablet&quot;:{&quot;unit&quot;:&quot;px&quot;,&quot;size&quot;:&quot;&quot;,&quot;sizes&quot;:[]},&quot;image_spacing_custom_mobile&quot;:{&quot;unit&quot;:&quot;px&quot;,&quot;size&quot;:&quot;&quot;,&quot;sizes&quot;:[]}}\" data-widget_type=\"image-carousel.default\">\n\t\t\t\t\t\t\t<div class=\"elementor-image-carousel-wrapper swiper\" role=\"region\" aria-roledescription=\"carousel\" aria-label=\"Image Carousel\" dir=\"ltr\">\n\t\t\t<div class=\"elementor-image-carousel swiper-wrapper\" aria-live=\"off\">\n\t\t\t\t\t\t\t\t<div class=\"swiper-slide\" role=\"group\" aria-roledescription=\"slide\" aria-label=\"1 \/ 5\"><figure class=\"swiper-slide-inner\"><img decoding=\"async\" class=\"swiper-slide-image\" src=\"https:\/\/tra-mak.com\/wp-content\/uploads\/2025\/09\/20210716_111505.png\" alt=\"20210716_111505\" \/><\/figure><\/div><div class=\"swiper-slide\" role=\"group\" aria-roledescription=\"slide\" aria-label=\"2 \/ 5\"><figure class=\"swiper-slide-inner\"><img decoding=\"async\" class=\"swiper-slide-image\" src=\"https:\/\/tra-mak.com\/wp-content\/uploads\/2025\/09\/20220107_150941.png\" alt=\"20220107_150941\" \/><\/figure><\/div><div class=\"swiper-slide\" role=\"group\" aria-roledescription=\"slide\" aria-label=\"3 \/ 5\"><figure class=\"swiper-slide-inner\"><img decoding=\"async\" class=\"swiper-slide-image\" src=\"https:\/\/tra-mak.com\/wp-content\/uploads\/2025\/09\/Zimba-Rotu-Extrusion-Stem-Rod.png\" alt=\"Z\u0131mba Rotu, Extrusion Stem Rod\" \/><\/figure><\/div><div class=\"swiper-slide\" role=\"group\" aria-roledescription=\"slide\" aria-label=\"4 \/ 5\"><figure class=\"swiper-slide-inner\"><img decoding=\"async\" class=\"swiper-slide-image\" src=\"https:\/\/tra-mak.com\/wp-content\/uploads\/2025\/09\/Zimba-Stem.png\" alt=\"Z\u0131mba-Stem\" \/><\/figure><\/div><div class=\"swiper-slide\" role=\"group\" aria-roledescription=\"slide\" aria-label=\"5 \/ 5\"><figure class=\"swiper-slide-inner\"><img decoding=\"async\" class=\"swiper-slide-image\" src=\"https:\/\/tra-mak.com\/wp-content\/uploads\/2025\/09\/Zimba-Rot-Stem-Rod-Ekstruzyon-Extrusion1.png\" alt=\"Z\u0131mba Rot , Stem Rod-Ekstr\u00fczyon-Extrusion1\" \/><\/figure><\/div>\t\t\t<\/div>\n\t\t\t\t\t\t\t\t\t\t\t\t<div class=\"elementor-swiper-button elementor-swiper-button-prev\" role=\"button\" tabindex=\"0\">\n\t\t\t\t\t\t<svg aria-hidden=\"true\" class=\"e-font-icon-svg e-eicon-chevron-left\" viewBox=\"0 0 1000 1000\" xmlns=\"http:\/\/www.w3.org\/2000\/svg\"><path d=\"M646 125C629 125 613 133 604 142L308 442C296 454 292 471 292 487 292 504 296 521 308 533L604 854C617 867 629 875 646 875 663 875 679 871 692 858 704 846 713 829 713 812 713 796 708 779 692 767L438 487 692 225C700 217 708 204 708 187 708 171 704 154 692 142 675 129 663 125 646 125Z\"><\/path><\/svg>\t\t\t\t\t<\/div>\n\t\t\t\t\t<div class=\"elementor-swiper-button elementor-swiper-button-next\" role=\"button\" tabindex=\"0\">\n\t\t\t\t\t\t<svg aria-hidden=\"true\" class=\"e-font-icon-svg e-eicon-chevron-right\" viewBox=\"0 0 1000 1000\" xmlns=\"http:\/\/www.w3.org\/2000\/svg\"><path d=\"M696 533C708 521 713 504 713 487 713 471 708 454 696 446L400 146C388 133 375 125 354 125 338 125 325 129 313 142 300 154 292 171 292 187 292 204 296 221 308 233L563 492 304 771C292 783 288 800 288 817 288 833 296 850 308 863 321 871 338 875 354 875 371 875 388 867 400 854L696 533Z\"><\/path><\/svg>\t\t\t\t\t<\/div>\n\t\t\t\t\n\t\t\t\t\t\t\t\t\t<\/div>\n\t\t\t\t\t\t<\/div>\n\t\t\t\t<\/div>\n\t\t\t\t<\/div>\n\t\t<div class=\"elementor-element elementor-element-47c3d2c e-con-full e-flex e-con e-child\" data-id=\"47c3d2c\" data-element_type=\"container\" data-e-type=\"container\" data-settings=\"{&quot;background_background&quot;:&quot;classic&quot;}\">\n\t\t<div class=\"elementor-element elementor-element-da1772d e-con-full e-flex e-con e-child\" data-id=\"da1772d\" data-element_type=\"container\" data-e-type=\"container\" data-settings=\"{&quot;background_background&quot;:&quot;classic&quot;,&quot;sticky&quot;:&quot;top&quot;,&quot;sticky_parent&quot;:&quot;yes&quot;,&quot;sticky_on&quot;:[&quot;desktop&quot;,&quot;tablet&quot;,&quot;mobile&quot;],&quot;sticky_offset&quot;:0,&quot;sticky_effects_offset&quot;:0,&quot;sticky_anchor_link_offset&quot;:0}\">\n\t\t\t\t<div class=\"elementor-element elementor-element-2b805da e-n-tabs-none right-container elementor-widget elementor-widget-n-tabs\" data-id=\"2b805da\" data-element_type=\"widget\" data-e-type=\"widget\" data-widget_type=\"nested-tabs.default\">\n\t\t\t\t\t\t\t<div class=\"e-n-tabs\" data-widget-number=\"45614554\" aria-label=\"Sekmeler. Enter ve Space ile \u00f6geleri a\u00e7abilir, Escape ile \u00f6geleri kapatabilir ve Y\u00f6n tu\u015flar\u0131 ile \u00f6geler aras\u0131nda gezinebilirsiniz.\">\n\t\t\t<div class=\"e-n-tabs-heading\" role=\"tablist\">\n\t\t\t\t\t<button id=\"e-n-tab-title-456145541\" data-tab-title-id=\"e-n-tab-title-456145541\" class=\"e-n-tab-title\" aria-selected=\"true\" data-tab-index=\"1\" role=\"tab\" tabindex=\"0\" aria-controls=\"e-n-tab-content-456145541\" style=\"--n-tabs-title-order: 1;\">\n\t\t\t\t\t\t<span class=\"e-n-tab-title-text\">\n\t\t\t\tFields of Use\t\t\t<\/span>\n\t\t<\/button>\n\t\t\t\t<button id=\"e-n-tab-title-456145542\" data-tab-title-id=\"e-n-tab-title-456145542\" class=\"e-n-tab-title\" aria-selected=\"false\" data-tab-index=\"2\" role=\"tab\" tabindex=\"-1\" aria-controls=\"e-n-tab-content-456145542\" style=\"--n-tabs-title-order: 2;\">\n\t\t\t\t\t\t<span class=\"e-n-tab-title-text\">\n\t\t\t\tVarieties\t\t\t<\/span>\n\t\t<\/button>\n\t\t\t\t<button id=\"e-n-tab-title-456145543\" data-tab-title-id=\"e-n-tab-title-456145543\" class=\"e-n-tab-title\" aria-selected=\"false\" data-tab-index=\"3\" role=\"tab\" tabindex=\"-1\" aria-controls=\"e-n-tab-content-456145543\" style=\"--n-tabs-title-order: 3;\">\n\t\t\t\t\t\t<span class=\"e-n-tab-title-text\">\n\t\t\t\tComponents\t\t\t<\/span>\n\t\t<\/button>\n\t\t\t\t\t<\/div>\n\t\t\t<div class=\"e-n-tabs-content\">\n\t\t\t\t<div id=\"e-n-tab-content-456145541\" role=\"tabpanel\" aria-labelledby=\"e-n-tab-title-456145541\" data-tab-index=\"1\" style=\"--n-tabs-title-order: 1;\" class=\"e-active elementor-element elementor-element-8792e19 e-con-full e-flex e-con e-child\" data-id=\"8792e19\" data-element_type=\"container\" data-e-type=\"container\" data-settings=\"{&quot;background_background&quot;:&quot;classic&quot;}\">\n\t\t\t\t<div class=\"elementor-element elementor-element-84abf1e elementor-widget elementor-widget-text-editor\" data-id=\"84abf1e\" data-element_type=\"widget\" data-e-type=\"widget\" data-widget_type=\"text-editor.default\">\n\t\t\t\t\t\t\t\t\t<ul><li>Aluminium Extrusion Press<\/li><li>Brass- CopperExtrusion Press<\/li><li>Steel\u00a0 Extrusion Press<\/li><\/ul>\t\t\t\t\t\t\t\t<\/div>\n\t\t\t\t<\/div>\n\t\t<div id=\"e-n-tab-content-456145542\" role=\"tabpanel\" aria-labelledby=\"e-n-tab-title-456145542\" data-tab-index=\"2\" style=\"--n-tabs-title-order: 2;\" class=\" elementor-element elementor-element-3c3f631 e-con-full e-flex e-con e-child\" data-id=\"3c3f631\" data-element_type=\"container\" data-e-type=\"container\" data-settings=\"{&quot;background_background&quot;:&quot;classic&quot;}\">\n\t\t\t\t<div class=\"elementor-element elementor-element-cd04349 elementor-widget elementor-widget-text-editor\" data-id=\"cd04349\" data-element_type=\"widget\" data-e-type=\"widget\" data-widget_type=\"text-editor.default\">\n\t\t\t\t\t\t\t\t\t<ul><li>Stem Rod-Hole Type<\/li><li>Stem Bayonet Tip<\/li><li>Stem Bolt Type<\/li><li>Stem Indirect Extrusion Type<\/li><\/ul>\t\t\t\t\t\t\t\t<\/div>\n\t\t\t\t<\/div>\n\t\t<div id=\"e-n-tab-content-456145543\" role=\"tabpanel\" aria-labelledby=\"e-n-tab-title-456145543\" data-tab-index=\"3\" style=\"--n-tabs-title-order: 3;\" class=\" elementor-element elementor-element-5b38303 e-con-full e-flex e-con e-child\" data-id=\"5b38303\" data-element_type=\"container\" data-e-type=\"container\" data-settings=\"{&quot;background_background&quot;:&quot;classic&quot;}\">\n\t\t\t\t<div class=\"elementor-element elementor-element-00ec37a elementor-widget elementor-widget-text-editor\" data-id=\"00ec37a\" data-element_type=\"widget\" data-e-type=\"widget\" data-widget_type=\"text-editor.default\">\n\t\t\t\t\t\t\t\t\t<ul><li>Stem Bayonet Spacer<\/li><li>Stem Front Pressure Pad<\/li><li>Stem Back Pressure Plate<\/li><li>Stem Clamping Flange<\/li><li>Stem Tie Rod<\/li><li>Stem Rod Nut<\/li><li>Stem Stud Bolt<\/li><li>Piercing Mandrel<\/li><li>Piercing Mandrel Holder<\/li><li>Stem Washer Pad<\/li><li>Keys-Wedge<\/li><\/ul>\t\t\t\t\t\t\t\t<\/div>\n\t\t\t\t<\/div>\n\t\t\t\t\t<\/div>\n\t\t<\/div>\n\t\t\t\t\t\t<\/div>\n\t\t\t\t<\/div>\n\t\t\t\t<\/div>\n\t\t\t\t<\/div>\n\t\t\t\t<\/div>\n\t\t\t\t<\/div>\n\t\t<script>function getWR360PopupSkin(){return 'light_clean';}<\/script>","protected":false},"excerpt":{"rendered":"<p>The Extrusion Stem must withstand the total deformation resistance of the material being extruded.The occurring extrusion loads result in very high compressive and partly bending stresses in the stem. Although the pressure pads prevent the stem from having direct contact with the hot billet, the stem head can be exposed to excessive temperature by the [&hellip;]<\/p>\n","protected":false},"author":1,"featured_media":0,"parent":797,"menu_order":0,"comment_status":"closed","ping_status":"closed","template":"","meta":{"footnotes":""},"class_list":["post-3023","page","type-page","status-publish","hentry"],"blocksy_meta":{"has_hero_section":"disabled","vertical_spacing_source":"custom","content_area_spacing":"none","styles_descriptor":{"styles":{"desktop":"","tablet":"","mobile":""},"google_fonts":[],"version":6}},"_links":{"self":[{"href":"https:\/\/tra-mak.com\/tr\/wp-json\/wp\/v2\/pages\/3023","targetHints":{"allow":["GET"]}}],"collection":[{"href":"https:\/\/tra-mak.com\/tr\/wp-json\/wp\/v2\/pages"}],"about":[{"href":"https:\/\/tra-mak.com\/tr\/wp-json\/wp\/v2\/types\/page"}],"author":[{"embeddable":true,"href":"https:\/\/tra-mak.com\/tr\/wp-json\/wp\/v2\/users\/1"}],"replies":[{"embeddable":true,"href":"https:\/\/tra-mak.com\/tr\/wp-json\/wp\/v2\/comments?post=3023"}],"version-history":[{"count":0,"href":"https:\/\/tra-mak.com\/tr\/wp-json\/wp\/v2\/pages\/3023\/revisions"}],"up":[{"embeddable":true,"href":"https:\/\/tra-mak.com\/tr\/wp-json\/wp\/v2\/pages\/797"}],"wp:attachment":[{"href":"https:\/\/tra-mak.com\/tr\/wp-json\/wp\/v2\/media?parent=3023"}],"curies":[{"name":"wp","href":"https:\/\/api.w.org\/{rel}","templated":true}]}}