{"id":7217,"date":"2025-09-12T19:46:33","date_gmt":"2025-09-12T16:46:33","guid":{"rendered":"https:\/\/tra-mak.com\/?page_id=7217"},"modified":"2025-09-15T13:15:07","modified_gmt":"2025-09-15T10:15:07","slug":"scrap-profile-gillotine-machine","status":"publish","type":"page","link":"https:\/\/tra-mak.com\/tr\/machine\/scrap-profile-gillotine-machine\/","title":{"rendered":"Hurda Profil Kesme Makinesi"},"content":{"rendered":"\t\t<div data-elementor-type=\"wp-page\" data-elementor-id=\"7217\" class=\"elementor elementor-7217\" data-elementor-post-type=\"page\">\n\t\t\t\t<div class=\"elementor-element elementor-element-5a7890d e-con-full e-flex e-con e-parent\" data-id=\"5a7890d\" data-element_type=\"container\" data-e-type=\"container\" data-settings=\"{&quot;background_background&quot;:&quot;classic&quot;}\">\n\t\t<div class=\"elementor-element elementor-element-bfd50a0 e-con-full e-flex e-con e-child\" data-id=\"bfd50a0\" data-element_type=\"container\" data-e-type=\"container\">\n\t\t<div class=\"elementor-element elementor-element-f6740a4 e-con-full e-flex e-con e-child\" data-id=\"f6740a4\" data-element_type=\"container\" data-e-type=\"container\">\n\t\t<div class=\"elementor-element elementor-element-29e7d5f e-con-full left-container e-flex e-con e-child\" data-id=\"29e7d5f\" data-element_type=\"container\" data-e-type=\"container\">\n\t\t\t\t<div class=\"elementor-element elementor-element-5a50a8b elementor-widget elementor-widget-shortcode\" data-id=\"5a50a8b\" data-element_type=\"widget\" data-e-type=\"widget\" data-widget_type=\"shortcode.default\">\n\t\t\t\t\t\t\t<div class=\"elementor-shortcode\"><nav aria-label=\"breadcrumbs\" class=\"rank-math-breadcrumb\"><p><span class=\"last\">Home<\/span><\/p><\/nav><\/div>\n\t\t\t\t\t\t<\/div>\n\t\t<div class=\"elementor-element elementor-element-fba159c e-con-full e-flex e-con e-child\" data-id=\"fba159c\" data-element_type=\"container\" data-e-type=\"container\">\n\t\t<div class=\"elementor-element elementor-element-3735c3c e-con-full e-flex e-con e-child\" data-id=\"3735c3c\" data-element_type=\"container\" data-e-type=\"container\">\n\t\t\t\t<div class=\"elementor-element elementor-element-1c7e661 elementor-widget elementor-widget-image\" data-id=\"1c7e661\" data-element_type=\"widget\" data-e-type=\"widget\" data-widget_type=\"image.default\">\n\t\t\t\t\t\t\t\t\t\t\t\t\t\t\t<img fetchpriority=\"high\" decoding=\"async\" width=\"500\" height=\"500\" src=\"https:\/\/tra-mak.com\/wp-content\/uploads\/2025\/09\/20210816_121817_cleaned.png\" class=\"attachment-full size-full wp-image-8579\" alt=\"\" srcset=\"https:\/\/tra-mak.com\/wp-content\/uploads\/2025\/09\/20210816_121817_cleaned.png 500w, https:\/\/tra-mak.com\/wp-content\/uploads\/2025\/09\/20210816_121817_cleaned-300x300.png 300w, https:\/\/tra-mak.com\/wp-content\/uploads\/2025\/09\/20210816_121817_cleaned-150x150.png 150w\" sizes=\"(max-width: 500px) 100vw, 500px\" \/>\t\t\t\t\t\t\t\t\t\t\t\t\t\t\t<\/div>\n\t\t\t\t<\/div>\n\t\t<div class=\"elementor-element elementor-element-ca6c502 e-con-full e-flex e-con e-child\" data-id=\"ca6c502\" data-element_type=\"container\" data-e-type=\"container\">\n\t\t\t\t<\/div>\n\t\t\t\t<\/div>\n\t\t\t\t<\/div>\n\t\t\t\t<\/div>\n\t\t<div class=\"elementor-element elementor-element-655f265 e-con-full e-flex e-con e-child\" data-id=\"655f265\" data-element_type=\"container\" data-e-type=\"container\" data-settings=\"{&quot;background_background&quot;:&quot;classic&quot;}\">\n\t\t<div class=\"elementor-element elementor-element-45b48bf e-con-full e-flex e-con e-child\" data-id=\"45b48bf\" data-element_type=\"container\" data-e-type=\"container\" data-settings=\"{&quot;background_background&quot;:&quot;classic&quot;}\">\n\t\t<div class=\"elementor-element elementor-element-48b39c8 e-con-full e-flex e-con e-child\" data-id=\"48b39c8\" data-element_type=\"container\" data-e-type=\"container\">\n\t\t\t\t<div class=\"elementor-element elementor-element-19c7cbc elementor-widget elementor-widget-heading\" data-id=\"19c7cbc\" data-element_type=\"widget\" data-e-type=\"widget\" data-widget_type=\"heading.default\">\n\t\t\t\t\t<h2 class=\"elementor-heading-title elementor-size-default\">Would you like to learn more about our machines?<\/h2>\t\t\t\t<\/div>\n\t\t\t\t<div class=\"elementor-element elementor-element-9b2a56d elementor-widget elementor-widget-text-editor\" data-id=\"9b2a56d\" data-element_type=\"widget\" data-e-type=\"widget\" data-widget_type=\"text-editor.default\">\n\t\t\t\t\t\t\t\t\t<p>If you provide us with your information via the form below, we can carefully share information about the machines with you.<\/p>\t\t\t\t\t\t\t\t<\/div>\n\t\t\t\t<div class=\"elementor-element elementor-element-a15405f elementor-widget elementor-widget-wpforms\" data-id=\"a15405f\" data-element_type=\"widget\" data-e-type=\"widget\" data-widget_type=\"wpforms.default\">\n\t\t\t\t<div class=\"elementor-widget-container\">\n\t\t\t\t\t\r\n<style type=\"text\/css\">\r\n\r\n\r\n\r\n\r\n\r\n\r\n\r\n\tbody #wpforms-2127 .wpforms-submit-container .wpforms-submit, body #wpforms-2127 .wpforms-field-pagebreak button.wpforms-page-button {\r\n\t\ttext-align:justify ;\t\tborder-width: 0px;\t}\r\n\r\n\tbody #wpforms-2127 .wpforms-submit-container .wpforms-submit:hover, body #wpforms-2127 .wpforms-field-pagebreak button.wpforms-page-button:hover {\r\n\t\t\t}\r\n\r\n\tbody #wpforms-2127 .wpforms-submit-container,\r\n\tbody #wpforms-2127 .wpforms-field-pagebreak .wpforms-pagebreak-left{\r\n\ttext-align:justify;\t}\r\n\r\n\r\n\r\n\r\n\r\n\r\n\r\n\r\n\r\n\r\n\r\n\/* Styling for Tablets *\/\r\n@media only screen and (max-width: 800px) and (min-width:481px) {\r\n\t\r\n\r\n\r\n\r\n}\r\n\r\n@media only screen and (max-width: 480px){\r\n\t\r\n\r\n\r\n\r\n}\r\n\/*Option to add custom CSS *\/\r\n\r\n\r\n\r\n\t\t<\/style>\r\n\t\t<div class=\"wpforms-container wpforms-render-modern\" id=\"wpforms-2127\"><form id=\"wpforms-form-2127\" class=\"wpforms-validate wpforms-form wpforms-ajax-form\" data-formid=\"2127\" method=\"post\" enctype=\"multipart\/form-data\" action=\"\/tr\/wp-json\/wp\/v2\/pages\/7217\" data-token=\"011347fdb9d2755cf801c1d6b1cf2df6\" data-token-time=\"1777528662\"><noscript class=\"wpforms-error-noscript\">Bu formu bitirebilmek i\u00e7in taray\u0131c\u0131n\u0131zda JavaScript&#039;i etkinle\u015ftirin.<\/noscript><div id=\"wpforms-error-noscript\" style=\"display: none;\">Bu formu bitirebilmek i\u00e7in taray\u0131c\u0131n\u0131zda JavaScript&#039;i etkinle\u015ftirin.<\/div><div class=\"wpforms-field-container\"><div id=\"wpforms-2127-field_6-container\" class=\"wpforms-field wpforms-field-name\" data-field-id=\"6\"><fieldset><legend class=\"wpforms-field-label wpforms-label-hide\" aria-hidden=\"false\">Name (copy) <span class=\"wpforms-required-label\" aria-hidden=\"true\">*<\/span><\/legend><div class=\"wpforms-field-row wpforms-field-large\"><div class=\"wpforms-field-row-block wpforms-first wpforms-one-half\"><input type=\"text\" id=\"wpforms-2127-field_6\" class=\"wpforms-field-name-first wpforms-field-required\" name=\"wpforms[fields][6][first]\" placeholder=\"Name *\" aria-errormessage=\"wpforms-2127-field_6-error\" required><label for=\"wpforms-2127-field_6\" class=\"wpforms-field-sublabel after wpforms-sublabel-hide\">Ad<\/label><\/div><div class=\"wpforms-field-row-block wpforms-one-half\"><input type=\"text\" id=\"wpforms-2127-field_6-last\" class=\"wpforms-field-name-last wpforms-field-required\" name=\"wpforms[fields][6][last]\" placeholder=\"Surname *\" aria-errormessage=\"wpforms-2127-field_6-last-error\" required><label for=\"wpforms-2127-field_6-last\" class=\"wpforms-field-sublabel after wpforms-sublabel-hide\">Soyad<\/label><\/div><\/div><\/fieldset><\/div><div id=\"wpforms-2127-field_1-container\" class=\"wpforms-field wpforms-field-email wpforms-one-half wpforms-first\" data-field-id=\"1\"><label class=\"wpforms-field-label wpforms-label-hide\" for=\"wpforms-2127-field_1\" aria-hidden=\"false\">Email <span class=\"wpforms-required-label\" aria-hidden=\"true\">*<\/span><\/label><input type=\"email\" id=\"wpforms-2127-field_1\" class=\"wpforms-field-large wpforms-field-required\" name=\"wpforms[fields][1]\" placeholder=\"Email Address *\" spellcheck=\"false\" aria-errormessage=\"wpforms-2127-field_1-error\" required><\/div><div id=\"wpforms-2127-field_4-container\" class=\"wpforms-field wpforms-field-text wpforms-one-half\" data-field-id=\"4\"><label class=\"wpforms-field-label wpforms-label-hide\" for=\"wpforms-2127-field_4\" aria-hidden=\"false\">Single Line Text <span class=\"wpforms-required-label\" aria-hidden=\"true\">*<\/span><\/label><input type=\"text\" id=\"wpforms-2127-field_4\" class=\"wpforms-field-large wpforms-field-required\" name=\"wpforms[fields][4]\" placeholder=\"Phone Number\" aria-errormessage=\"wpforms-2127-field_4-error\" required><\/div><div id=\"wpforms-2127-field_7-container\" class=\"wpforms-field wpforms-field-text wpforms-first\" data-field-id=\"7\"><label class=\"wpforms-field-label wpforms-label-hide\" for=\"wpforms-2127-field_7\" aria-hidden=\"false\">Subject <span class=\"wpforms-required-label\" aria-hidden=\"true\">*<\/span><\/label><input type=\"text\" id=\"wpforms-2127-field_7\" class=\"wpforms-field-large wpforms-field-required\" name=\"wpforms[fields][7]\" placeholder=\"Subject *\" aria-errormessage=\"wpforms-2127-field_7-error\" required><\/div><div id=\"wpforms-2127-field_2-container\" class=\"wpforms-field wpforms-field-textarea\" data-field-id=\"2\"><label class=\"wpforms-field-label wpforms-label-hide\" for=\"wpforms-2127-field_2\" aria-hidden=\"false\">Comment or Message <span class=\"wpforms-required-label\" aria-hidden=\"true\">*<\/span><\/label><textarea id=\"wpforms-2127-field_2\" class=\"wpforms-field-large wpforms-field-required\" name=\"wpforms[fields][2]\" placeholder=\"Message *\" aria-errormessage=\"wpforms-2127-field_2-error\" required><\/textarea><\/div><\/div><!-- .wpforms-field-container --><div class=\"wpforms-submit-container\" ><input type=\"hidden\" name=\"wpforms[id]\" value=\"2127\"><input type=\"hidden\" name=\"page_title\" value=\"\"><input type=\"hidden\" name=\"page_url\" value=\"https:\/\/tra-mak.com\/tr\/wp-json\/wp\/v2\/pages\/7217\"><input type=\"hidden\" name=\"url_referer\" value=\"\"><button type=\"submit\" name=\"wpforms[submit]\" id=\"wpforms-submit-2127\" class=\"wpforms-submit\" data-alt-text=\"Sending...\" data-submit-text=\"Submit\" aria-live=\"assertive\" value=\"wpforms-submit\">Submit<\/button><img decoding=\"async\" src=\"https:\/\/tra-mak.com\/wp-content\/plugins\/wpforms-lite\/assets\/images\/submit-spin.svg\" class=\"wpforms-submit-spinner\" style=\"display: none;\" width=\"26\" height=\"26\" alt=\"Y\u00fckleniyor\"><\/div><\/form><\/div>  <!-- .wpforms-container -->\t\t\t\t<\/div>\n\t\t\t\t<\/div>\n\t\t\t\t<\/div>\n\t\t\t\t<\/div>\n\t\t\t\t<\/div>\n\t\t\t\t<\/div>\n\t\t\t\t<\/div>\n\t\t\t\t<\/div>\n\t\t<script>function getWR360PopupSkin(){return 'light_clean';}<\/script>","protected":false},"excerpt":{"rendered":"<p>Would you like to learn more about our machines? If you provide us with your information via the form below, we can carefully share information about the machines with you. Please enable JavaScript in your browser to complete this form.Please enable JavaScript in your browser to complete this form. Name (copy) * FirstLast Email *Single [&hellip;]<\/p>\n","protected":false},"author":1,"featured_media":0,"parent":6660,"menu_order":0,"comment_status":"closed","ping_status":"closed","template":"","meta":{"footnotes":""},"class_list":["post-7217","page","type-page","status-publish","hentry"],"blocksy_meta":{"has_hero_section":"disabled","vertical_spacing_source":"custom","content_area_spacing":"none","styles_descriptor":{"styles":{"desktop":"","tablet":"","mobile":""},"google_fonts":[],"version":6}},"_links":{"self":[{"href":"https:\/\/tra-mak.com\/tr\/wp-json\/wp\/v2\/pages\/7217","targetHints":{"allow":["GET"]}}],"collection":[{"href":"https:\/\/tra-mak.com\/tr\/wp-json\/wp\/v2\/pages"}],"about":[{"href":"https:\/\/tra-mak.com\/tr\/wp-json\/wp\/v2\/types\/page"}],"author":[{"embeddable":true,"href":"https:\/\/tra-mak.com\/tr\/wp-json\/wp\/v2\/users\/1"}],"replies":[{"embeddable":true,"href":"https:\/\/tra-mak.com\/tr\/wp-json\/wp\/v2\/comments?post=7217"}],"version-history":[{"count":0,"href":"https:\/\/tra-mak.com\/tr\/wp-json\/wp\/v2\/pages\/7217\/revisions"}],"up":[{"embeddable":true,"href":"https:\/\/tra-mak.com\/tr\/wp-json\/wp\/v2\/pages\/6660"}],"wp:attachment":[{"href":"https:\/\/tra-mak.com\/tr\/wp-json\/wp\/v2\/media?parent=7217"}],"curies":[{"name":"wp","href":"https:\/\/api.w.org\/{rel}","templated":true}]}}