{"id":7258,"date":"2025-09-12T20:05:53","date_gmt":"2025-09-12T17:05:53","guid":{"rendered":"https:\/\/tra-mak.com\/?page_id=7258"},"modified":"2025-09-17T00:35:43","modified_gmt":"2025-09-16T21:35:43","slug":"services","status":"publish","type":"page","link":"https:\/\/tra-mak.com\/tr\/services\/","title":{"rendered":"Hizmetler"},"content":{"rendered":"<div data-elementor-type=\"wp-page\" data-elementor-id=\"7258\" class=\"elementor elementor-7258\" data-elementor-post-type=\"page\">\n\t\t\t\t<div class=\"elementor-element elementor-element-f617fca e-con-full e-flex e-con e-parent\" data-id=\"f617fca\" data-element_type=\"container\" data-e-type=\"container\" data-settings=\"{&quot;background_background&quot;:&quot;classic&quot;}\">\n\t\t<div class=\"elementor-element elementor-element-ad954b1 e-flex e-con-boxed e-con e-child\" data-id=\"ad954b1\" data-element_type=\"container\" data-e-type=\"container\">\n\t\t\t\t\t<div class=\"e-con-inner\">\n\t\t\t\t<div class=\"elementor-element elementor-element-a359aaa elementor-widget elementor-widget-shortcode\" data-id=\"a359aaa\" data-element_type=\"widget\" data-e-type=\"widget\" data-widget_type=\"shortcode.default\">\n\t\t\t\t\t\t\t<div class=\"elementor-shortcode\"><nav aria-label=\"breadcrumbs\" class=\"rank-math-breadcrumb\"><p><span class=\"last\">Anasayfa<\/span><\/p><\/nav><\/div>\n\t\t\t\t\t\t<\/div>\n\t\t\t\t<div class=\"elementor-element elementor-element-fe09a7a elementor-widget__width-initial elementor-widget elementor-widget-text-editor\" data-id=\"fe09a7a\" data-element_type=\"widget\" data-e-type=\"widget\" data-widget_type=\"text-editor.default\">\n\t\t\t\t\t\t\t\t\t<p>TRAMAK, ekstr\u00fczyon presinin s\u00fcrekli \u00e7al\u0131\u015fmas\u0131 i\u00e7in gerekli ekipman\u0131 h\u0131zl\u0131 ve esnek bir \u015fekilde temin etmektedir. TRAMAK, metal ekstr\u00fczyon \u015firketlerine y\u00fcksek kaliteli pres ekipman\u0131 ve aletleri tedarik eden T\u00fcrkiye'nin lider tedarik\u00e7isi olma yolunda ilerlemektedir.<\/p>\t\t\t\t\t\t\t\t<\/div>\n\t\t<div class=\"elementor-element elementor-element-5ef1f9e e-con-full e-flex e-con e-child\" data-id=\"5ef1f9e\" data-element_type=\"container\" data-e-type=\"container\">\n\t\t<div class=\"elementor-element elementor-element-8735b94 e-con-full e-flex e-con e-child\" data-id=\"8735b94\" data-element_type=\"container\" data-e-type=\"container\" data-settings=\"{&quot;background_background&quot;:&quot;classic&quot;}\">\n\t\t<div class=\"elementor-element elementor-element-458e57f e-grid e-con-full e-con e-child\" data-id=\"458e57f\" data-element_type=\"container\" data-e-type=\"container\">\n\t\t<a class=\"elementor-element elementor-element-a388e0a e-con-full e-flex e-con e-child\" data-id=\"a388e0a\" data-element_type=\"container\" data-e-type=\"container\" data-settings=\"{&quot;background_background&quot;:&quot;classic&quot;}\" href=\"https:\/\/tra-mak.com\/tr\/services\/relining\/\">\n\t\t<div class=\"elementor-element elementor-element-9233512 e-con-full e-flex e-con e-child\" data-id=\"9233512\" data-element_type=\"container\" data-e-type=\"container\">\n\t\t\t\t<div class=\"elementor-element elementor-element-bcb6d89 elementor-widget elementor-widget-heading\" data-id=\"bcb6d89\" data-element_type=\"widget\" data-e-type=\"widget\" data-widget_type=\"heading.default\">\n\t\t\t\t\t<h4 class=\"elementor-heading-title elementor-size-default\">Kovan Yenileme<\/h4>\t\t\t\t<\/div>\n\t\t<div class=\"elementor-element elementor-element-d6816ce e-con-full e-flex e-con e-child\" data-id=\"d6816ce\" data-element_type=\"container\" data-e-type=\"container\">\n\t\t\t\t<div class=\"elementor-element elementor-element-d8828f7 elementor-widget elementor-widget-image\" data-id=\"d8828f7\" data-element_type=\"widget\" data-e-type=\"widget\" data-widget_type=\"image.default\">\n\t\t\t\t\t\t\t\t\t\t\t\t\t\t\t<img fetchpriority=\"high\" decoding=\"async\" width=\"1000\" height=\"500\" src=\"https:\/\/tra-mak.com\/wp-content\/uploads\/2025\/09\/relining-kategory1.png\" class=\"attachment-full size-full wp-image-8746\" alt=\"\" srcset=\"https:\/\/tra-mak.com\/wp-content\/uploads\/2025\/09\/relining-kategory1.png 1000w, https:\/\/tra-mak.com\/wp-content\/uploads\/2025\/09\/relining-kategory1-300x150.png 300w, https:\/\/tra-mak.com\/wp-content\/uploads\/2025\/09\/relining-kategory1-768x384.png 768w\" sizes=\"(max-width: 1000px) 100vw, 1000px\" \/>\t\t\t\t\t\t\t\t\t\t\t\t\t\t\t<\/div>\n\t\t\t\t<\/div>\n\t\t\t\t<\/div>\n\t\t<div class=\"elementor-element elementor-element-174a69a e-con-full e-flex e-con e-child\" data-id=\"174a69a\" data-element_type=\"container\" data-e-type=\"container\">\n\t\t<div class=\"elementor-element elementor-element-fa735a3 e-con-full button e-flex e-con e-child\" data-id=\"fa735a3\" data-element_type=\"container\" data-e-type=\"container\">\n\t\t\t\t<div class=\"elementor-element elementor-element-12f04ef elementor-widget elementor-widget-text-editor\" data-id=\"12f04ef\" data-element_type=\"widget\" data-e-type=\"widget\" data-widget_type=\"text-editor.default\">\n\t\t\t\t\t\t\t\t\t<p>Detaylar \u2192<\/p>\t\t\t\t\t\t\t\t<\/div>\n\t\t\t\t<\/div>\n\t\t\t\t<\/div>\n\t\t\t\t<\/a>\n\t\t<a class=\"elementor-element elementor-element-9f291fb e-con-full e-flex e-con e-child\" data-id=\"9f291fb\" data-element_type=\"container\" data-e-type=\"container\" data-settings=\"{&quot;background_background&quot;:&quot;classic&quot;}\" href=\"https:\/\/tra-mak.com\/tr\/services\/components-spare-parts\/\">\n\t\t<div class=\"elementor-element elementor-element-57b1094 e-con-full e-flex e-con e-child\" data-id=\"57b1094\" data-element_type=\"container\" data-e-type=\"container\">\n\t\t\t\t<div class=\"elementor-element elementor-element-90d5685 elementor-widget elementor-widget-heading\" data-id=\"90d5685\" data-element_type=\"widget\" data-e-type=\"widget\" data-widget_type=\"heading.default\">\n\t\t\t\t\t<h4 class=\"elementor-heading-title elementor-size-default\">Bile\u015fenler &amp; Yedek Par\u00e7alar<\/h4>\t\t\t\t<\/div>\n\t\t<div class=\"elementor-element elementor-element-f0e080d e-con-full e-flex e-con e-child\" data-id=\"f0e080d\" data-element_type=\"container\" data-e-type=\"container\">\n\t\t\t\t<div class=\"elementor-element elementor-element-ac8c8da elementor-widget elementor-widget-image\" data-id=\"ac8c8da\" data-element_type=\"widget\" data-e-type=\"widget\" data-widget_type=\"image.default\">\n\t\t\t\t\t\t\t\t\t\t\t\t\t\t\t<img decoding=\"async\" width=\"1000\" height=\"500\" src=\"https:\/\/tra-mak.com\/wp-content\/uploads\/2025\/09\/spareparts-kategory.png\" class=\"attachment-full size-full wp-image-8741\" alt=\"\" srcset=\"https:\/\/tra-mak.com\/wp-content\/uploads\/2025\/09\/spareparts-kategory.png 1000w, https:\/\/tra-mak.com\/wp-content\/uploads\/2025\/09\/spareparts-kategory-300x150.png 300w, https:\/\/tra-mak.com\/wp-content\/uploads\/2025\/09\/spareparts-kategory-768x384.png 768w\" sizes=\"(max-width: 1000px) 100vw, 1000px\" \/>\t\t\t\t\t\t\t\t\t\t\t\t\t\t\t<\/div>\n\t\t\t\t<\/div>\n\t\t\t\t<\/div>\n\t\t<div class=\"elementor-element elementor-element-df1dc9d e-con-full e-flex e-con e-child\" data-id=\"df1dc9d\" data-element_type=\"container\" data-e-type=\"container\">\n\t\t<div class=\"elementor-element elementor-element-bbd1124 e-con-full button e-flex e-con e-child\" data-id=\"bbd1124\" data-element_type=\"container\" data-e-type=\"container\">\n\t\t\t\t<div class=\"elementor-element elementor-element-ea32726 elementor-widget elementor-widget-text-editor\" data-id=\"ea32726\" data-element_type=\"widget\" data-e-type=\"widget\" data-widget_type=\"text-editor.default\">\n\t\t\t\t\t\t\t\t\t<p>Detaylar \u2192<\/p>\t\t\t\t\t\t\t\t<\/div>\n\t\t\t\t<\/div>\n\t\t\t\t<\/div>\n\t\t\t\t<\/a>\n\t\t<a class=\"elementor-element elementor-element-0e9b2cb e-con-full e-flex e-con e-child\" data-id=\"0e9b2cb\" data-element_type=\"container\" data-e-type=\"container\" data-settings=\"{&quot;background_background&quot;:&quot;classic&quot;}\" href=\"https:\/\/tra-mak.com\/tr\/services\/heating-spare-parts\/\">\n\t\t<div class=\"elementor-element elementor-element-cffef92 e-con-full e-flex e-con e-child\" data-id=\"cffef92\" data-element_type=\"container\" data-e-type=\"container\">\n\t\t\t\t<div class=\"elementor-element elementor-element-06e8f2e elementor-widget elementor-widget-heading\" data-id=\"06e8f2e\" data-element_type=\"widget\" data-e-type=\"widget\" data-widget_type=\"heading.default\">\n\t\t\t\t\t<h4 class=\"elementor-heading-title elementor-size-default\">Is\u0131tma Yedek Par\u00e7alar\u0131<\/h4>\t\t\t\t<\/div>\n\t\t<div class=\"elementor-element elementor-element-74c29c6 e-con-full e-flex e-con e-child\" data-id=\"74c29c6\" data-element_type=\"container\" data-e-type=\"container\">\n\t\t\t\t<div class=\"elementor-element elementor-element-19095bc elementor-widget elementor-widget-image\" data-id=\"19095bc\" data-element_type=\"widget\" data-e-type=\"widget\" data-widget_type=\"image.default\">\n\t\t\t\t\t\t\t\t\t\t\t\t\t\t\t<img decoding=\"async\" width=\"1000\" height=\"500\" src=\"https:\/\/tra-mak.com\/wp-content\/uploads\/2025\/09\/heating-kategory.png\" class=\"attachment-full size-full wp-image-8737\" alt=\"\" srcset=\"https:\/\/tra-mak.com\/wp-content\/uploads\/2025\/09\/heating-kategory.png 1000w, https:\/\/tra-mak.com\/wp-content\/uploads\/2025\/09\/heating-kategory-300x150.png 300w, https:\/\/tra-mak.com\/wp-content\/uploads\/2025\/09\/heating-kategory-768x384.png 768w\" sizes=\"(max-width: 1000px) 100vw, 1000px\" \/>\t\t\t\t\t\t\t\t\t\t\t\t\t\t\t<\/div>\n\t\t\t\t<\/div>\n\t\t\t\t<\/div>\n\t\t<div class=\"elementor-element elementor-element-2d96789 e-con-full e-flex e-con e-child\" data-id=\"2d96789\" data-element_type=\"container\" data-e-type=\"container\">\n\t\t<div class=\"elementor-element elementor-element-1c8c523 e-con-full button e-flex e-con e-child\" data-id=\"1c8c523\" data-element_type=\"container\" data-e-type=\"container\">\n\t\t\t\t<div class=\"elementor-element elementor-element-3703a28 elementor-widget elementor-widget-text-editor\" data-id=\"3703a28\" data-element_type=\"widget\" data-e-type=\"widget\" data-widget_type=\"text-editor.default\">\n\t\t\t\t\t\t\t\t\t<p>Detaylar \u2192<\/p>\t\t\t\t\t\t\t\t<\/div>\n\t\t\t\t<\/div>\n\t\t\t\t<\/div>\n\t\t\t\t<\/a>\n\t\t<a class=\"elementor-element elementor-element-0462f12 e-con-full e-flex e-con e-child\" data-id=\"0462f12\" data-element_type=\"container\" data-e-type=\"container\" data-settings=\"{&quot;background_background&quot;:&quot;classic&quot;}\" href=\"https:\/\/tra-mak.com\/tr\/services\/rewamping\/\">\n\t\t<div class=\"elementor-element elementor-element-94283c7 e-con-full e-flex e-con e-child\" data-id=\"94283c7\" data-element_type=\"container\" data-e-type=\"container\">\n\t\t\t\t<div class=\"elementor-element elementor-element-e5300e1 elementor-widget elementor-widget-heading\" data-id=\"e5300e1\" data-element_type=\"widget\" data-e-type=\"widget\" data-widget_type=\"heading.default\">\n\t\t\t\t\t<h4 class=\"elementor-heading-title elementor-size-default\">Ekstr\u00fczyon Makinelerinin Yenilenmesi<\/h4>\t\t\t\t<\/div>\n\t\t<div class=\"elementor-element elementor-element-ed9966a e-con-full e-flex e-con e-child\" data-id=\"ed9966a\" data-element_type=\"container\" data-e-type=\"container\">\n\t\t\t\t<div class=\"elementor-element elementor-element-6006296 elementor-widget elementor-widget-image\" data-id=\"6006296\" data-element_type=\"widget\" data-e-type=\"widget\" data-widget_type=\"image.default\">\n\t\t\t\t\t\t\t\t\t\t\t\t\t\t\t<img loading=\"lazy\" decoding=\"async\" width=\"1000\" height=\"500\" src=\"https:\/\/tra-mak.com\/wp-content\/uploads\/2025\/09\/rewamping-kategory.png\" class=\"attachment-full size-full wp-image-8751\" alt=\"\" srcset=\"https:\/\/tra-mak.com\/wp-content\/uploads\/2025\/09\/rewamping-kategory.png 1000w, https:\/\/tra-mak.com\/wp-content\/uploads\/2025\/09\/rewamping-kategory-300x150.png 300w, https:\/\/tra-mak.com\/wp-content\/uploads\/2025\/09\/rewamping-kategory-768x384.png 768w\" sizes=\"(max-width: 1000px) 100vw, 1000px\" \/>\t\t\t\t\t\t\t\t\t\t\t\t\t\t\t<\/div>\n\t\t\t\t<\/div>\n\t\t\t\t<\/div>\n\t\t<div class=\"elementor-element elementor-element-bcc9ed2 e-con-full e-flex e-con e-child\" data-id=\"bcc9ed2\" data-element_type=\"container\" data-e-type=\"container\">\n\t\t<div class=\"elementor-element elementor-element-6b997f7 e-con-full button e-flex e-con e-child\" data-id=\"6b997f7\" data-element_type=\"container\" data-e-type=\"container\">\n\t\t\t\t<div class=\"elementor-element elementor-element-448a07a elementor-widget elementor-widget-text-editor\" data-id=\"448a07a\" data-element_type=\"widget\" data-e-type=\"widget\" data-widget_type=\"text-editor.default\">\n\t\t\t\t\t\t\t\t\t<p>Detaylar \u2192<\/p>\t\t\t\t\t\t\t\t<\/div>\n\t\t\t\t<\/div>\n\t\t\t\t<\/div>\n\t\t\t\t<\/a>\n\t\t\t\t<\/div>\n\t\t\t\t<\/div>\n\t\t\t\t<\/div>\n\t\t\t\t\t<\/div>\n\t\t\t\t<\/div>\n\t\t\t\t<\/div>\n\t\t\t\t<\/div>\n\t\t<script>function getWR360PopupSkin(){return 'light_clean';}<\/script>","protected":false},"excerpt":{"rendered":"<p>TRAMAK responds quickly and flexibly to supplying the necessary equipment for continuous operation of the extrusion press. TRAMAK is on its way to becoming Turkey&#8217;s leading supplier of high quality press equipment and tools to metal extrusion companies. Container Relining See Details \u2192 Components &amp; Spare Parts See Details \u2192 Heating Spare Parts See Details [&hellip;]<\/p>\n","protected":false},"author":1,"featured_media":0,"parent":0,"menu_order":0,"comment_status":"closed","ping_status":"closed","template":"","meta":{"footnotes":""},"class_list":["post-7258","page","type-page","status-publish","hentry"],"blocksy_meta":{"has_hero_section":"disabled","vertical_spacing_source":"custom","content_area_spacing":"none","styles_descriptor":{"styles":{"desktop":"","tablet":"","mobile":""},"google_fonts":[],"version":6}},"_links":{"self":[{"href":"https:\/\/tra-mak.com\/tr\/wp-json\/wp\/v2\/pages\/7258","targetHints":{"allow":["GET"]}}],"collection":[{"href":"https:\/\/tra-mak.com\/tr\/wp-json\/wp\/v2\/pages"}],"about":[{"href":"https:\/\/tra-mak.com\/tr\/wp-json\/wp\/v2\/types\/page"}],"author":[{"embeddable":true,"href":"https:\/\/tra-mak.com\/tr\/wp-json\/wp\/v2\/users\/1"}],"replies":[{"embeddable":true,"href":"https:\/\/tra-mak.com\/tr\/wp-json\/wp\/v2\/comments?post=7258"}],"version-history":[{"count":0,"href":"https:\/\/tra-mak.com\/tr\/wp-json\/wp\/v2\/pages\/7258\/revisions"}],"wp:attachment":[{"href":"https:\/\/tra-mak.com\/tr\/wp-json\/wp\/v2\/media?parent=7258"}],"curies":[{"name":"wp","href":"https:\/\/api.w.org\/{rel}","templated":true}]}}